{"id":9,"date":"2018-02-28T17:38:09","date_gmt":"2018-02-28T16:38:09","guid":{"rendered":"http:\/\/gite-villa-gaia.com\/?page_id=9"},"modified":"2021-01-13T10:40:20","modified_gmt":"2021-01-13T09:40:20","slug":"danslaregion","status":"publish","type":"page","link":"https:\/\/gite-villa-gaia.com\/index.php\/danslaregion\/","title":{"rendered":"Dans la r\u00e9gion"},"content":{"rendered":"<p>Situ\u00e9e en plein c\u0153ur du Sud-Ouest, <strong>N\u00e9rac<\/strong> est le point de d\u00e9part id\u00e9al pour profiter de la r\u00e9gion et de ses activit\u00e9s. Depuis <em>La Villa Ga\u00efa<\/em>, gr\u00e2ce \u00e0 la proximit\u00e9 de la d\u00e9partementale 930, vous pourrez facilement acc\u00e9der en :<\/p>\n<p>Moins de 15 minutes :<br \/>Ch\u00e2teau de N\u00e9rac, Moulin des Tours, P\u00f4le Hippique Lou Chibaou, Vignobles de Buzet, Bastides (Bruch, Vianne&#8230;), for\u00eat des Landes, croisi\u00e8re sur la Ba\u00efse, train touristique, Lud&rsquo;o parc, Cap\u2019cauderoue (accrobranche), Mus\u00e9es (verrerie, li\u00e8ge&#8230;) Golf, Tennis, Equitation, bars, restaurants\u2026<\/p>\n<p>Entre 30 minute et 1 heure :<br \/>Parcs d&rsquo;attractions Walygator et Aqualand (Roquefort), Ch\u00e2teau de Bonaguil, Canal de Garonne et Voie Verte, station Thermale (Casteljaloux), casino (Casteljaloux), cin\u00e9ma multiplex (Agen), paintball, lazer game (Bo\u00e9), bowling (Bo\u00e9), boutiques (Agen, Bo\u00e9), bars, restaurants\u2026<\/p>\n<p>Plus d\u2019une heure :<br \/>Pays Basque (1h30), C\u00f4te Atlantique (1h30), Toulouse (1h40), Bordeaux (1h40), Pyr\u00e9n\u00e9es (2h)<\/p>\n<p><strong>Activit\u00e9s estivales<\/strong> : F\u00eates foraines, march\u00e9s nocturnes N\u00e9rac, festivals (Garorock, Pruneau Show, Jazz in Marciac, Montauban en sc\u00e8nes\u2026) f\u00eate des vins du terroir, march\u00e9s nocturnes (villages), F\u00e9rias (Condom, Mont-de-Marsan, Vic, Eauze&#8230;)<\/p>\n<p>Pour rester au courant des activit\u00e9s de la r\u00e9gion toute l\u2019ann\u00e9e, suivez la page <a href=\"https:\/\/www.facebook.com\/G%C3%AEte-La-Villa-Ga%C3%AFa-463718680713890\/\"><strong>Facebook<\/strong> <\/a>de La Villa Ga\u00efa !<\/p>\n\n\n<figure class=\"wp-block-embed is-type-video is-provider-youtube wp-block-embed-youtube wp-embed-aspect-16-9 wp-has-aspect-ratio\"><div class=\"wp-block-embed__wrapper\">\n<iframe loading=\"lazy\" title=\"Cap Sud Ouest: le Pays d&#039;Albret, au fil de la Ba\u00efse\" width=\"1170\" height=\"658\" src=\"https:\/\/www.youtube.com\/embed\/GQ6tr3GjHnc?feature=oembed\" frameborder=\"0\" allow=\"accelerometer; autoplay; clipboard-write; encrypted-media; gyroscope; picture-in-picture\" allowfullscreen><\/iframe>\n<\/div><figcaption>Un aper\u00e7u du Pays d&rsquo;Albret<\/figcaption><\/figure>\n","protected":false},"excerpt":{"rendered":"<p>Situ\u00e9e en plein c\u0153ur du Sud-Ouest, N\u00e9rac est le point de d\u00e9part id\u00e9al pour profiter de la r\u00e9gion et de ses activit\u00e9s. Depuis La Villa Ga\u00efa, gr\u00e2ce \u00e0 la proximit\u00e9 de la d\u00e9partementale 930, vous pourrez facilement acc\u00e9der en : Moins de 15 minutes :Ch\u00e2teau de N\u00e9rac, Moulin des Tours, P\u00f4le Hippique Lou Chibaou, Vignobles [&hellip;]<\/p>\n","protected":false},"author":1,"featured_media":0,"parent":0,"menu_order":0,"comment_status":"closed","ping_status":"closed","template":"","meta":{"ngg_post_thumbnail":0,"footnotes":""},"class_list":["post-9","page","type-page","status-publish","hentry"],"_links":{"self":[{"href":"https:\/\/gite-villa-gaia.com\/index.php\/wp-json\/wp\/v2\/pages\/9","targetHints":{"allow":["GET"]}}],"collection":[{"href":"https:\/\/gite-villa-gaia.com\/index.php\/wp-json\/wp\/v2\/pages"}],"about":[{"href":"https:\/\/gite-villa-gaia.com\/index.php\/wp-json\/wp\/v2\/types\/page"}],"author":[{"embeddable":true,"href":"https:\/\/gite-villa-gaia.com\/index.php\/wp-json\/wp\/v2\/users\/1"}],"replies":[{"embeddable":true,"href":"https:\/\/gite-villa-gaia.com\/index.php\/wp-json\/wp\/v2\/comments?post=9"}],"version-history":[{"count":19,"href":"https:\/\/gite-villa-gaia.com\/index.php\/wp-json\/wp\/v2\/pages\/9\/revisions"}],"predecessor-version":[{"id":580,"href":"https:\/\/gite-villa-gaia.com\/index.php\/wp-json\/wp\/v2\/pages\/9\/revisions\/580"}],"wp:attachment":[{"href":"https:\/\/gite-villa-gaia.com\/index.php\/wp-json\/wp\/v2\/media?parent=9"}],"curies":[{"name":"wp","href":"https:\/\/api.w.org\/{rel}","templated":true}]}}